{"id":37,"date":"2015-02-10T13:08:42","date_gmt":"2015-02-10T13:08:42","guid":{"rendered":"http:\/\/www5.milwaukee.k12.wi.us\/school\/rogers\/?page_id=37"},"modified":"2024-10-15T14:48:46","modified_gmt":"2024-10-15T14:48:46","slug":"mission","status":"publish","type":"page","link":"https:\/\/k12.mps.school\/rogers\/about\/mission\/","title":{"rendered":"Mission"},"content":{"rendered":"<p>Rogers Street Academy will prepare our students for post-educational success by 2025, by meeting the academic and social-emotional needs of all students through rigorous and culturally relevant instruction, community partnerships, and focused collaboration.<\/p>\n<p><em><span class=\"Y2IQFc\" lang=\"es\">Rogers\u00a0Street\u00a0Academy preparar\u00e1 a nuestros estudiantes para el \u00e9xito posterior a la educaci\u00f3n para 2025, satisfaciendo las necesidades acad\u00e9micas y socioemocionales de todos los estudiantes a trav\u00e9s de una instrucci\u00f3n rigurosa y culturalmente relevante, asociaciones comunitarias y colaboraci\u00f3n enfocada.<\/span><\/em><\/p>\n","protected":false},"excerpt":{"rendered":"<p>Rogers Street Academy will prepare our students for post-educational success by 2025, by meeting the academic and social-emotional needs of all students through rigorous and culturally relevant instruction, community partnerships, and focused collaboration. Rogers\u00a0Street\u00a0Academy preparar\u00e1 a nuestros estudiantes para el \u00e9xito posterior a la educaci\u00f3n para 2025, satisfaciendo las necesidades acad\u00e9micas y socioemocionales de todos [&hellip;]<\/p>\n","protected":false},"author":2,"featured_media":0,"parent":10,"menu_order":2,"comment_status":"closed","ping_status":"closed","template":"","meta":{"_genesis_hide_title":false,"_genesis_hide_breadcrumbs":false,"_genesis_hide_singular_image":false,"_genesis_hide_footer_widgets":false,"_genesis_custom_body_class":"","_genesis_custom_post_class":"","_genesis_layout":"","_mc_calendar":[],"footnotes":""},"class_list":{"0":"post-37","1":"page","2":"type-page","3":"status-publish","5":"entry"},"_links":{"self":[{"href":"https:\/\/k12.mps.school\/rogers\/wp-json\/wp\/v2\/pages\/37","targetHints":{"allow":["GET"]}}],"collection":[{"href":"https:\/\/k12.mps.school\/rogers\/wp-json\/wp\/v2\/pages"}],"about":[{"href":"https:\/\/k12.mps.school\/rogers\/wp-json\/wp\/v2\/types\/page"}],"author":[{"embeddable":true,"href":"https:\/\/k12.mps.school\/rogers\/wp-json\/wp\/v2\/users\/2"}],"replies":[{"embeddable":true,"href":"https:\/\/k12.mps.school\/rogers\/wp-json\/wp\/v2\/comments?post=37"}],"version-history":[{"count":0,"href":"https:\/\/k12.mps.school\/rogers\/wp-json\/wp\/v2\/pages\/37\/revisions"}],"up":[{"embeddable":true,"href":"https:\/\/k12.mps.school\/rogers\/wp-json\/wp\/v2\/pages\/10"}],"wp:attachment":[{"href":"https:\/\/k12.mps.school\/rogers\/wp-json\/wp\/v2\/media?parent=37"}],"curies":[{"name":"wp","href":"https:\/\/api.w.org\/{rel}","templated":true}]}}