{"id":174,"date":"2016-01-29T11:35:48","date_gmt":"2016-01-29T17:35:48","guid":{"rendered":"http:\/\/www5.milwaukee.k12.wi.us\/school\/rogers\/?page_id=174"},"modified":"2025-11-19T15:10:59","modified_gmt":"2025-11-19T15:10:59","slug":"welcome","status":"publish","type":"page","link":"https:\/\/k12.mps.school\/rogers\/","title":{"rendered":""},"content":{"rendered":"<p><div id=\"metaslider-id-139\" style=\"max-width: 700px;\" class=\"ml-slider-3-108-0 metaslider metaslider-flex metaslider-139 ml-slider has-dots-nav ms-theme-default\" role=\"region\" aria-label=\"Home Page\" data-height=\"375\" data-width=\"700\">\n    <div id=\"metaslider_container_139\">\n        <div id=\"metaslider_139\" class=\"flexslider\">\n            <ul class='slides'>\n                <li style=\"display: block; width: 100%;\" class=\"slide-1169 ms-image \" aria-roledescription=\"slide\" data-date=\"2022-09-21 13:33:20\" data-filename=\"RSAcartoon-700x375.png\" data-slide-type=\"image\"><img loading=\"lazy\" decoding=\"async\" src=\"https:\/\/k12.mps.school\/rogers\/wp-content\/uploads\/sites\/49\/2024\/05\/RSAcartoon-700x375.png\" height=\"375\" width=\"700\" alt=\"\" class=\"slider-139 slide-1169 msDefaultImage\" title=\"RSAcartoon\" \/><\/li>\n                <li style=\"display: none; width: 100%;\" class=\"slide-1425 ms-image \" aria-roledescription=\"slide\" data-date=\"2024-10-02 14:58:46\" data-filename=\"rogers-street-2024-05-700x375.jpg\" data-slide-type=\"image\"><img loading=\"lazy\" decoding=\"async\" src=\"https:\/\/k12.mps.school\/rogers\/wp-content\/uploads\/sites\/49\/2024\/10\/rogers-street-2024-05-700x375.jpg\" height=\"375\" width=\"700\" alt=\"A young boy at a desk smiling.\" class=\"slider-139 slide-1425 msDefaultImage\" \/><\/li>\n                <li style=\"display: none; width: 100%;\" class=\"slide-1426 ms-image \" aria-roledescription=\"slide\" data-date=\"2024-10-02 14:58:46\" data-filename=\"rogers-street-2024-01-700x375.jpg\" data-slide-type=\"image\"><img loading=\"lazy\" decoding=\"async\" src=\"https:\/\/k12.mps.school\/rogers\/wp-content\/uploads\/sites\/49\/2024\/10\/rogers-street-2024-01-700x375.jpg\" height=\"375\" width=\"700\" alt=\"Young students sit on a colorful rug and look up at their teacher.\" class=\"slider-139 slide-1426 msDefaultImage\" \/><\/li>\n                <li style=\"display: none; width: 100%;\" class=\"slide-1264 ms-image \" aria-roledescription=\"slide\" data-date=\"2023-06-28 13:24:45\" data-filename=\"rogers-exterior-2023-700x375.jpg\" data-slide-type=\"image\"><img loading=\"lazy\" decoding=\"async\" src=\"https:\/\/k12.mps.school\/rogers\/wp-content\/uploads\/sites\/49\/2023\/06\/rogers-exterior-2023-700x375.jpg\" height=\"375\" width=\"700\" alt=\"Rogers Street Academy exterior\" class=\"slider-139 slide-1264 msDefaultImage\" \/><\/li>\n                <li style=\"display: none; width: 100%;\" class=\"slide-1336 ms-image \" aria-roledescription=\"slide\" data-date=\"2024-05-01 14:01:52\" data-filename=\"thumbnail_IMG_5330-e1714572010806-700x375.jpg\" data-slide-type=\"image\"><img loading=\"lazy\" decoding=\"async\" src=\"https:\/\/k12.mps.school\/rogers\/wp-content\/uploads\/sites\/49\/2024\/05\/thumbnail_IMG_5330-e1714572010806-700x375.jpg\" height=\"375\" width=\"700\" alt=\"\" class=\"slider-139 slide-1336 msDefaultImage\" title=\"thumbnail_IMG_5330\" \/><\/li>\n                <li style=\"display: none; width: 100%;\" class=\"slide-1427 ms-image \" aria-roledescription=\"slide\" data-date=\"2024-10-02 14:58:46\" data-filename=\"rogers-street-2024-02-700x375.jpg\" data-slide-type=\"image\"><img loading=\"lazy\" decoding=\"async\" src=\"https:\/\/k12.mps.school\/rogers\/wp-content\/uploads\/sites\/49\/2024\/10\/rogers-street-2024-02-700x375.jpg\" height=\"375\" width=\"700\" alt=\"Students at a table in a classroom working on computers.\" class=\"slider-139 slide-1427 msDefaultImage\" \/><\/li>\n                <li style=\"display: none; width: 100%;\" class=\"slide-1338 ms-image \" aria-roledescription=\"slide\" data-date=\"2024-05-01 14:02:08\" data-filename=\"a22-700x375.png\" data-slide-type=\"image\"><img loading=\"lazy\" decoding=\"async\" src=\"https:\/\/k12.mps.school\/rogers\/wp-content\/uploads\/sites\/49\/2024\/05\/a22-700x375.png\" height=\"375\" width=\"700\" alt=\"\" class=\"slider-139 slide-1338 msDefaultImage\" title=\"a22\" \/><\/li>\n                <li style=\"display: none; width: 100%;\" class=\"slide-1339 ms-image \" aria-roledescription=\"slide\" data-date=\"2024-05-01 14:02:29\" data-filename=\"Screenshot-2024-09-24-143332-441x236.jpg\" data-slide-type=\"image\"><img loading=\"lazy\" decoding=\"async\" src=\"https:\/\/k12.mps.school\/rogers\/wp-content\/uploads\/sites\/49\/2024\/10\/Screenshot-2024-09-24-143332-441x236.jpg\" height=\"375\" width=\"700\" alt=\"\" class=\"slider-139 slide-1339 msDefaultImage\" title=\"Screenshot 2024-09-24 143332\" \/><\/li>\n                <li style=\"display: none; width: 100%;\" class=\"slide-1375 ms-image \" aria-roledescription=\"slide\" data-date=\"2024-05-16 17:53:07\" data-filename=\"Screenshot_20240923_125846_Gallery-1-1-700x375.jpg\" data-slide-type=\"image\"><img loading=\"lazy\" decoding=\"async\" src=\"https:\/\/k12.mps.school\/rogers\/wp-content\/uploads\/sites\/49\/2024\/10\/Screenshot_20240923_125846_Gallery-1-1-700x375.jpg\" height=\"375\" width=\"700\" alt=\"\" class=\"slider-139 slide-1375 msDefaultImage\" title=\"Screenshot_20240923_125846_Gallery (1)\" \/><\/li>\n                <li style=\"display: none; width: 100%;\" class=\"slide-1428 ms-image \" aria-roledescription=\"slide\" data-date=\"2024-10-02 14:58:46\" data-filename=\"rogers-street-2024-08-700x375.jpg\" data-slide-type=\"image\"><img loading=\"lazy\" decoding=\"async\" src=\"https:\/\/k12.mps.school\/rogers\/wp-content\/uploads\/sites\/49\/2024\/10\/rogers-street-2024-08-700x375.jpg\" height=\"375\" width=\"700\" alt=\"Students at desks working on homework.\" class=\"slider-139 slide-1428 msDefaultImage\" \/><\/li>\n                <li style=\"display: none; width: 100%;\" class=\"slide-1376 ms-image \" aria-roledescription=\"slide\" data-date=\"2024-05-16 17:53:18\" data-filename=\"IMG-20240922-WA0009-700x375.jpg\" data-slide-type=\"image\"><img loading=\"lazy\" decoding=\"async\" src=\"https:\/\/k12.mps.school\/rogers\/wp-content\/uploads\/sites\/49\/2024\/10\/IMG-20240922-WA0009-700x375.jpg\" height=\"375\" width=\"700\" alt=\"\" class=\"slider-139 slide-1376 msDefaultImage\" title=\"IMG-20240922-WA0009\" \/><\/li>\n                <li style=\"display: none; width: 100%;\" class=\"slide-1388 ms-image \" aria-roledescription=\"slide\" data-date=\"2024-05-16 17:57:05\" data-filename=\"web2-700x375.jpg\" data-slide-type=\"image\"><img loading=\"lazy\" decoding=\"async\" src=\"https:\/\/k12.mps.school\/rogers\/wp-content\/uploads\/sites\/49\/2024\/05\/web2-700x375.jpg\" height=\"375\" width=\"700\" alt=\"\" class=\"slider-139 slide-1388 msDefaultImage\" title=\"web2\" \/><\/li>\n                <li style=\"display: none; width: 100%;\" class=\"slide-1390 ms-image \" aria-roledescription=\"slide\" data-date=\"2024-05-16 17:57:31\" data-filename=\"web1-scaled-e1715882467880-700x375.jpg\" data-slide-type=\"image\"><img loading=\"lazy\" decoding=\"async\" src=\"https:\/\/k12.mps.school\/rogers\/wp-content\/uploads\/sites\/49\/2024\/05\/web1-scaled-e1715882467880-700x375.jpg\" height=\"375\" width=\"700\" alt=\"\" class=\"slider-139 slide-1390 msDefaultImage\" title=\"web1\" \/><\/li>\n                <li style=\"display: none; width: 100%;\" class=\"slide-1392 ms-image \" aria-roledescription=\"slide\" data-date=\"2024-05-16 17:57:50\" data-filename=\"a2-e1715882417496-462x248.png\" data-slide-type=\"image\"><img loading=\"lazy\" decoding=\"async\" src=\"https:\/\/k12.mps.school\/rogers\/wp-content\/uploads\/sites\/49\/2024\/05\/a2-e1715882417496-462x248.png\" height=\"375\" width=\"700\" alt=\"\" class=\"slider-139 slide-1392 msDefaultImage\" title=\"a2\" \/><\/li>\n            <\/ul>\n        <\/div>\n        \n    <\/div>\n<\/div><br \/>\n<a style=\"display: block; padding-top: 20px;\" href=\"http:\/\/mpsmke.com\/enroll\" target=\"_blank\" rel=\"noopener\"><img loading=\"lazy\" decoding=\"async\" class=\"aligncenter size-full wp-image-1873\" src=\"https:\/\/k12.mps.school\/53rd\/wp-content\/uploads\/sites\/3\/2025\/11\/Summer-Academy-Banner.gif\" alt=\"Enroll Now\" width=\"728\" height=\"90\" \/><\/a><\/p>\n<p><img loading=\"lazy\" decoding=\"async\" class=\"alignright wp-image-1413\" src=\"https:\/\/mpsschoolwebsi.wpenginepowered.com\/rogers\/wp-content\/uploads\/sites\/49\/2024\/10\/Rogers-Street-shield-286x300.png\" alt=\"Rogers Street shield\" width=\"250\" height=\"262\" srcset=\"https:\/\/k12.mps.school\/rogers\/wp-content\/uploads\/sites\/49\/2024\/10\/Rogers-Street-shield-286x300.png 286w, https:\/\/k12.mps.school\/rogers\/wp-content\/uploads\/sites\/49\/2024\/10\/Rogers-Street-shield-768x805.png 768w, https:\/\/k12.mps.school\/rogers\/wp-content\/uploads\/sites\/49\/2024\/10\/Rogers-Street-shield.png 800w\" sizes=\"auto, (max-width: 250px) 100vw, 250px\" \/>Welcome to Rogers Street Academy! We&#8217;re in one of the newest buildings in Milwaukee Public Schools! We have both monolingual and bilingual programs to help all our students. Our classes are small, with just 15 students for each teacher in K5. Kids can also join the Boys and Girls Club after school for fun and extra help with their studies. Come visit us and see for yourself how great our school is! And we&#8217;re not just about schoolwork\u2014our sports teams are amazing, with unbeatable soccer records. After school, there are lots of activities to enjoy. Come be part of our wonderful community at Rogers Street Academy!<\/p>\n<p>\u00a1Bienvenidos a Rogers Street Academy! \u00a1Estamos en uno de los edificios m\u00e1s nuevos de las Escuelas P\u00fablicas de Milwaukee! \u00a1Ofrecemos programas tanto monoling\u00fces como biling\u00fces para ayudar a todos nuestros estudiantes! \u00a1Nuestras clases son peque\u00f1as, con solo 15 estudiantes por cada maestro en K5, gracias al programa AGR! \u00a1Los ni\u00f1os tambi\u00e9n pueden unirse al Club de Ni\u00f1os y Ni\u00f1as despu\u00e9s de la escuela para divertirse y recibir ayuda adicional con sus estudios! \u00a1Ven a visitarnos y descubre por ti mismo lo genial que es nuestra escuela! \u00a1Y no solo nos enfocamos en el trabajo escolar, nuestros equipos deportivos son incre\u00edbles, con registros imbatibles en f\u00fatbol! Despu\u00e9s de la escuela, hay muchas actividades para desfrutar. \u00a1Ven y s\u00e9 parte de nuestra maravillosa comunidad en Rogers Street Academy!<\/p>\n","protected":false},"excerpt":{"rendered":"<p>Welcome to Rogers Street Academy! We&#8217;re in one of the newest buildings in Milwaukee Public Schools! We have both monolingual and bilingual programs to help all our students. Our classes are small, with just 15 students for each teacher in K5. Kids can also join the Boys and Girls Club after school for fun and [&hellip;]<\/p>\n","protected":false},"author":2,"featured_media":1170,"parent":0,"menu_order":0,"comment_status":"closed","ping_status":"closed","template":"","meta":{"_genesis_hide_title":false,"_genesis_hide_breadcrumbs":false,"_genesis_hide_singular_image":false,"_genesis_hide_footer_widgets":false,"_genesis_custom_body_class":"","_genesis_custom_post_class":"","_genesis_layout":"content-sidebar","_mc_calendar":[],"footnotes":""},"class_list":{"0":"post-174","1":"page","2":"type-page","3":"status-publish","4":"has-post-thumbnail","6":"entry"},"_links":{"self":[{"href":"https:\/\/k12.mps.school\/rogers\/wp-json\/wp\/v2\/pages\/174","targetHints":{"allow":["GET"]}}],"collection":[{"href":"https:\/\/k12.mps.school\/rogers\/wp-json\/wp\/v2\/pages"}],"about":[{"href":"https:\/\/k12.mps.school\/rogers\/wp-json\/wp\/v2\/types\/page"}],"author":[{"embeddable":true,"href":"https:\/\/k12.mps.school\/rogers\/wp-json\/wp\/v2\/users\/2"}],"replies":[{"embeddable":true,"href":"https:\/\/k12.mps.school\/rogers\/wp-json\/wp\/v2\/comments?post=174"}],"version-history":[{"count":0,"href":"https:\/\/k12.mps.school\/rogers\/wp-json\/wp\/v2\/pages\/174\/revisions"}],"wp:featuredmedia":[{"embeddable":true,"href":"https:\/\/k12.mps.school\/rogers\/wp-json\/wp\/v2\/media\/1170"}],"wp:attachment":[{"href":"https:\/\/k12.mps.school\/rogers\/wp-json\/wp\/v2\/media?parent=174"}],"curies":[{"name":"wp","href":"https:\/\/api.w.org\/{rel}","templated":true}]}}