{"id":26282,"date":"2022-09-16T20:34:03","date_gmt":"2022-09-16T20:34:03","guid":{"rendered":"https:\/\/mpsschoolwebsi.wpenginepowered.com\/hamilton\/?page_id=26282"},"modified":"2025-11-21T16:56:40","modified_gmt":"2025-11-21T16:56:40","slug":"tulita-papke","status":"publish","type":"page","link":"https:\/\/k12.mps.school\/hamilton\/about\/staff\/tulita-papke\/","title":{"rendered":"Tulita Papke"},"content":{"rendered":"<p><strong>Position:<\/strong> English teacher (bilingual)<\/p>\n<p><strong>Email:<\/strong> <a href=\"mailto:papketm@milwaukee.k12.wi.us\">papketm@milwaukee.k12.wi.us<\/a><\/p>\n<p><strong>Phone:<\/strong>\u00a0327-9459<\/p>\n<p><strong>Teaching\u00a0since: <\/strong>2012<\/p>\n<p><strong>Courses Taught:<\/strong><\/p>\n<ul>\n<li>Bilingual English 9<\/li>\n<\/ul>\n<p><strong>Degree(s)\/Certification(s):<\/strong><\/p>\n<ul>\n<li>A. B. in Literature from Harvard University, 2006.<\/li>\n<li>Post-baccalaureate certification in ESL from UWM, 2012<\/li>\n<li>Post-baccalaureate certification in secondary English instruction with a bilingual supplement, from UWM, 2015<\/li>\n<\/ul>\n<p><strong>Fun\u00a0fact:<\/strong><\/p>\n<ul>\n<li>I love traveling and have been to Russia, Uganda, and the Galapagos Islands, among lots of other interesting places.<\/li>\n<li>Favorite Quote in English &#8220;They thought they wanted to be taken out of themselves, and every art humans dreamt up took them further in.&#8221; &#8211; Terry Pratchett, Wyrd Sisters<\/li>\n<li>Favorite Quote in espa\u00f1ol: &#8220;Un bello paisaje, una hermosa jornada, un libro selecto&#8230; \u00bfQu\u00e9 m\u00e1s necesit\u00e1is para ser felices? El sol resplandece por dentro.&#8221; &#8211; Gabriela Mistral<\/li>\n<\/ul>\n","protected":false},"excerpt":{"rendered":"<p>Position: English teacher (bilingual) Email: papketm@milwaukee.k12.wi.us Phone:\u00a0327-9459 Teaching\u00a0since: 2012 Courses Taught: Bilingual English 9 Degree(s)\/Certification(s): A. B. in Literature from Harvard University, 2006. Post-baccalaureate certification in ESL from UWM, 2012 Post-baccalaureate certification in secondary English instruction with a bilingual supplement, from UWM, 2015 Fun\u00a0fact: I love traveling and have been to Russia, Uganda, and the [&hellip;]<\/p>\n","protected":false},"author":2,"featured_media":0,"parent":18303,"menu_order":0,"comment_status":"closed","ping_status":"closed","template":"","meta":{"_genesis_hide_title":false,"_genesis_hide_breadcrumbs":false,"_genesis_hide_singular_image":false,"_genesis_hide_footer_widgets":false,"_genesis_custom_body_class":"","_genesis_custom_post_class":"","_genesis_layout":"","_mc_calendar":[],"footnotes":""},"class_list":{"0":"post-26282","1":"page","2":"type-page","3":"status-publish","5":"entry"},"_links":{"self":[{"href":"https:\/\/k12.mps.school\/hamilton\/wp-json\/wp\/v2\/pages\/26282","targetHints":{"allow":["GET"]}}],"collection":[{"href":"https:\/\/k12.mps.school\/hamilton\/wp-json\/wp\/v2\/pages"}],"about":[{"href":"https:\/\/k12.mps.school\/hamilton\/wp-json\/wp\/v2\/types\/page"}],"author":[{"embeddable":true,"href":"https:\/\/k12.mps.school\/hamilton\/wp-json\/wp\/v2\/users\/2"}],"replies":[{"embeddable":true,"href":"https:\/\/k12.mps.school\/hamilton\/wp-json\/wp\/v2\/comments?post=26282"}],"version-history":[{"count":0,"href":"https:\/\/k12.mps.school\/hamilton\/wp-json\/wp\/v2\/pages\/26282\/revisions"}],"up":[{"embeddable":true,"href":"https:\/\/k12.mps.school\/hamilton\/wp-json\/wp\/v2\/pages\/18303"}],"wp:attachment":[{"href":"https:\/\/k12.mps.school\/hamilton\/wp-json\/wp\/v2\/media?parent=26282"}],"curies":[{"name":"wp","href":"https:\/\/api.w.org\/{rel}","templated":true}]}}