{"id":202,"date":"2013-04-29T14:21:09","date_gmt":"2013-04-29T14:21:09","guid":{"rendered":"http:\/\/www5.milwaukee.k12.wi.us\/school\/greenfield\/?page_id=202"},"modified":"2023-07-18T19:10:18","modified_gmt":"2023-07-18T19:10:18","slug":"personal","status":"publish","type":"page","link":"https:\/\/k12.mps.school\/greenfield\/espanol\/personal\/","title":{"rendered":"Personal"},"content":{"rendered":"<p>La facultad\u00a0profesional y dedicada de la Escuela Greenfield asegura que los estudiantes reciban el apoyo necesario para cumplir con sus objetivos y convertirse en los mejores aprendices. Los maestros motivan a los estudiantes a imponerse retos, creando as\u00ed confianza en s\u00ed mismos. A trav\u00e9s de ayuda adicional y opiniones positivas, el personal de Greenfield constituye una constante red de apoyo para los estudiantes. Los miembros del personal buscan crear un entorno de aprendizaje productivo en Greenfield, en el que los estudiantes se sienten orgullosos de sus logros y talentos \u00fanicos.<\/p>\n<table style=\"height: 1466px\" width=\"667\">\n<tbody>\n<tr>\n<td valign=\"top\">\n<h3>Administraci\u00f3n\/Oficina<\/h3>\n<ul>\n<li><a href=\"mailto:salasbax@milwaukee.k12.wi.us\">Adalberto Salas &#8211;\u00a0Director<\/a><\/li>\n<li><a href=\"mailto:gonzaljj@milwaukee.k12.wi.us\">Jason Gonzalez &#8211; Subdirector<\/a><\/li>\n<li><a href=\"mailto:hernanm@milwaukee.k12.wi.us\">Martha Hernandez &#8211; Secretaria<\/a><\/li>\n<li><a href=\"mailto:florezb@milwaukee.k12.wi.us\">Beatriz Florez &#8211; Secretaria<\/a><\/li>\n<li>Mary Kawal &#8211;\u00a0Contador<\/li>\n<\/ul>\n<h3>Maestros<\/h3>\n<ul>\n<li><a href=\"mailto:lopezla@milwaukee.k12.wi.us\">Luis Lopez (8)<\/a><\/li>\n<li><a href=\"mailto:sturycdd@milwaukee.k12.wi.us\">Britanni Weis (8)<\/a><\/li>\n<li><a href=\"mailto:moralelm@milwaukee.k12.wi.us\">Lesley Morales (7)<\/a><\/li>\n<li><a href=\"mailto:schallrx@milwaukee.k12.wi.us\">Robert Schallock (7)<\/a><\/li>\n<li><a href=\"mailto:sturycdd@milwaukee.k12.wi.us\">Silvia Manzo (6)<\/a><\/li>\n<li><a href=\"mailto:sturycdd@milwaukee.k12.wi.us\">Donna Sturycz (6)<\/a><\/li>\n<li><a href=\"mailto:pallomt@milwaukee.k12.wi.us\">Maria Colon (5)<\/a><\/li>\n<li><a href=\"mailto:herberea@milwaukee.k12.wi.us\">Elizabeth Herber (5)<\/a><\/li>\n<li><a href=\"mailto:garciamx@milwaukee.k12.wi.us\">Miguelina Ricardo (4)<\/a><\/li>\n<li><a href=\"mailto:danesm@milwaukee.k12.wi.us\">Magdalena Danes (4)<\/a><\/li>\n<li><a href=\"mailto:velazqem@milwaukee.k12.wi.us\">Evelyn Velazquez (3)<\/a><\/li>\n<li><a href=\"mailto:marina@milwaukee.k12.wi.us\">Ana Marin Sanchez\u00a0(3)<\/a><\/li>\n<li><a href=\"mailto:haugex@milwaukee.k12.wi.us\">Emily Kegley (3)<\/a><\/li>\n<li><a href=\"mailto:poehlejm@milwaukee.k12.wi.us\">Jennifer Mendoza (3)<\/a><\/li>\n<li><a href=\"mailto:montile@milwaukee.k12.wi.us\">Edward Montilla\u00a0 (2)<\/a><\/li>\n<li><a href=\"mailto:lopeztb@milwaukee.k12.wi.us\">Berenice Oulahan (2)<\/a><\/li>\n<li><a href=\"mailto:kruegerx@milwaukee.k12.wi.us\">Rachel Krueger (2)<\/a><\/li>\n<li><a href=\"mailto:reyesgd@milwaukee.k12.wi.us\">Grisel Reyes (1)<\/a><\/li>\n<li><a href=\"mailto:thaoyam@milwaukee.k12.wi.us\">Mainhia Thao-Yang (1)<\/a><\/li>\n<li><a href=\"mailto:marine@milwaukee.k12.wi.us\">Erkies Marin-Ortiz (K5)<\/a><\/li>\n<li><a href=\"mailto:gaugerca@milwaukee.k12.wi.us\">Christy Gauger (K5)<\/a><\/li>\n<li><a href=\"mailto:zamorama@milwaukee.k12.wi.us\">Mayra Zamora (K4)<\/a><\/li>\n<li><a href=\"mailto:dickinma@milwaukee.k12.wi.us\">Margaret\u00a0<\/a><a href=\"mailto:dickinma@milwaukee.k12.wi.us\">Dickinson-Seifert<\/a><a href=\"mailto:dickinma@milwaukee.k12.wi.us\">\u00a0(K4)<\/a><\/li>\n<\/ul>\n<h3>Educaci\u00f3n Especial<\/h3>\n<ul>\n<li><a href=\"mailto:beniteda@milwaukee.k12.wi.us\">Delmy Benitez-Borja &#8211; CAU<\/a><\/li>\n<li><a href=\"mailto:rojock@milwaukee.k12.wi.us\">Carmen Rojo &#8211; 1st-4th<\/a><\/li>\n<li><a href=\"mailto:petersm7@milwaukee.k12.wi.us\">Melitza Peterson &#8211; 4th &amp; 5th\u00a0<\/a><\/li>\n<li><a href=\"mailto:shermam@milwaukee.k12.wi.us\">Matthew Sherman &#8211; 6th &amp; 7th<\/a><\/li>\n<li><a href=\"mailto:patrowge@milwaukee.k12.wi.us\">Grace Patrow &#8211; 8th\u00a0<\/a><\/li>\n<li><a href=\"mailto:arandaaj@milwaukee.k12.wi.us\">Alejandro Aranda &#8211; Speech<\/a><\/li>\n<li><a href=\"mailto:herdrisj@milwaukee.k12.wi.us\">Savanna Bodjanac &#8211; Speech<\/a><\/li>\n<li>\u00a0Jennifer Kuehnahau &#8211; Supervisora \u200b\u200bde educacion especial<\/li>\n<\/ul>\n<h3>Coordinadora de padres<\/h3>\n<ul>\n<li><a href=\"mailto:avilesmi@milwaukee.k12.wi.us\">Mayra Aviles<\/a><\/li>\n<\/ul>\n<\/td>\n<td valign=\"top\">\n<h3>ESL<\/h3>\n<ul>\n<li><a href=\"mailto:colonex@milwaukee.k12.wi.us\">Elizabeth Colon<\/a><\/li>\n<li><a href=\"steffehx@milwaukee.k12.wi.us\">Holly Steffes<\/a><\/li>\n<li><a href=\"mailto:stueckek@milwaukee.k12.wi.us\">Emma Stueckroth<\/a><\/li>\n<\/ul>\n<h3>Biblioteca<\/h3>\n<ul>\n<li><a href=\"mailto:carrilcl@milwaukee.k12.wi.us\">Christine Carrillo<\/a><\/li>\n<\/ul>\n<h3>Especialistas<\/h3>\n<ul>\n<li><a href=\"mailto:glazewmr@milwaukee.k12.wi.us\">Mackenzie Glazewski\u00a0&#8211; Arte<\/a><\/li>\n<li><a href=\"mailto:grzannmr@milwaukee.k12.wi.us\">Mark Grzanna &#8211; Musica<\/a><\/li>\n<li><a href=\"mailto:torresf@milwaukee.k12.wi.us\">Francisco Torres- Educaci\u00f3n F\u00edsica<\/a><\/li>\n<\/ul>\n<h3>Personal de Apoyo<\/h3>\n<ul>\n<li><a href=\"mailto:colonmt@milwaukee.k12.wi.us\">Maria Colon &#8211; SST<\/a><\/li>\n<li><a href=\"mailto:jansenjm@milwaukee.k12.wi.us\">Jackie Jansen &#8211; Social Worker<\/a><\/li>\n<li><a href=\"mailto:prestbem@milwaukee.k12.wi.us\">Erin Prestby &#8211; Psychologist<\/a><\/li>\n<li><a href=\"mailto:smokoas@milwaukee.k12.wi.us\">Allison Begel &#8211; Guidance Counselor<\/a><\/li>\n<li><a href=\"mailto:anderstm@milwaukee.k12.wi.us\">Tanya Scoma &#8211; AGR\/Interventionist<\/a><\/li>\n<\/ul>\n<h3>Servicio de comida<\/h3>\n<ul>\n<li>\n<div style=\"text-align: left\" align=\"center\">Jodi Pero\u00a0 &#8211;\u00a0Gerente<\/div>\n<\/li>\n<\/ul>\n<h3 style=\"text-align: left\">Enfermera<\/h3>\n<ul>\n<li>Nathalie Cruz3<\/li>\n<\/ul>\n<h3>Ingeniero<\/h3>\n<ul>\n<li>Daniel Kadlec<\/li>\n<\/ul>\n<h3>Ayudantes de mantenimiento<\/h3>\n<ul>\n<li>Washington, Mary<\/li>\n<li>Natasha Ford<\/li>\n<\/ul>\n<h3>Asistentes educativos<\/h3>\n<ul>\n<li>Marangelie Acevedo<\/li>\n<li>Betty Diaz-Ruiz<\/li>\n<li>Zulma Frias<\/li>\n<li>Arantha Ojeda<\/li>\n<li>Nicolasa Valdez<\/li>\n<li>Juan Yepez<\/li>\n<\/ul>\n<h3 id=\"tw-target-text\" class=\"tw-data-text tw-text-large tw-ta\"><span lang=\"es\">Centro de aprendizaje comunitario (CLC)<\/span><\/h3>\n<ul>\n<li><a href=\"mailto:cruzpl@milwaukee.k12.wi.us\">Pablo Cruz &#8211; CLC Director<\/a><\/li>\n<\/ul>\n<\/td>\n<\/tr>\n<\/tbody>\n<\/table>\n","protected":false},"excerpt":{"rendered":"<p>La facultad\u00a0profesional y dedicada de la Escuela Greenfield asegura que los estudiantes reciban el apoyo necesario para cumplir con sus objetivos y convertirse en los mejores aprendices. Los maestros motivan a los estudiantes a imponerse retos, creando as\u00ed confianza en s\u00ed mismos. A trav\u00e9s de ayuda adicional y opiniones positivas, el personal de Greenfield constituye [&hellip;]<\/p>\n","protected":false},"author":2,"featured_media":0,"parent":184,"menu_order":7,"comment_status":"open","ping_status":"closed","template":"","meta":{"_genesis_hide_title":false,"_genesis_hide_breadcrumbs":false,"_genesis_hide_singular_image":false,"_genesis_hide_footer_widgets":false,"_genesis_custom_body_class":"","_genesis_custom_post_class":"","_genesis_layout":"","_mc_calendar":[],"footnotes":""},"class_list":{"0":"post-202","1":"page","2":"type-page","3":"status-publish","5":"entry"},"_links":{"self":[{"href":"https:\/\/k12.mps.school\/greenfield\/wp-json\/wp\/v2\/pages\/202","targetHints":{"allow":["GET"]}}],"collection":[{"href":"https:\/\/k12.mps.school\/greenfield\/wp-json\/wp\/v2\/pages"}],"about":[{"href":"https:\/\/k12.mps.school\/greenfield\/wp-json\/wp\/v2\/types\/page"}],"author":[{"embeddable":true,"href":"https:\/\/k12.mps.school\/greenfield\/wp-json\/wp\/v2\/users\/2"}],"replies":[{"embeddable":true,"href":"https:\/\/k12.mps.school\/greenfield\/wp-json\/wp\/v2\/comments?post=202"}],"version-history":[{"count":0,"href":"https:\/\/k12.mps.school\/greenfield\/wp-json\/wp\/v2\/pages\/202\/revisions"}],"up":[{"embeddable":true,"href":"https:\/\/k12.mps.school\/greenfield\/wp-json\/wp\/v2\/pages\/184"}],"wp:attachment":[{"href":"https:\/\/k12.mps.school\/greenfield\/wp-json\/wp\/v2\/media?parent=202"}],"curies":[{"name":"wp","href":"https:\/\/api.w.org\/{rel}","templated":true}]}}