{"id":200,"date":"2013-04-29T14:20:34","date_gmt":"2013-04-29T14:20:34","guid":{"rendered":"http:\/\/www5.milwaukee.k12.wi.us\/school\/greenfield\/?page_id=200"},"modified":"2026-01-27T16:02:21","modified_gmt":"2026-01-27T16:02:21","slug":"estudiantes-de-greenfield","status":"publish","type":"page","link":"https:\/\/k12.mps.school\/greenfield\/espanol\/estudiantes-de-greenfield\/","title":{"rendered":"Estudiantes de Greenfield"},"content":{"rendered":"<p>Se espera que los estudiantes de la escuela primaria Greenfield desarrollen sus habilidades acad\u00e9micas y alcancen su m\u00e1ximo potencial. El personal de la escuela cultiva un sentido de responsabilidad en todos los estudiantes, estableciendo est\u00e1ndares elevados pero posibles de alcanzar. Colaborando con el director, los miembros del personal, los padres y los compa\u00f1eros, los alumnos aprenden a respetarse entre s\u00ed. A trav\u00e9s del aprendizaje sobre la comunidad, los estudiantes se convierten en ciudadanos productivos.<\/p>\n<p>Al llegar a Greenfield cada d\u00eda, se espera que los estudiantes est\u00e9n preparados, tanto mentalmente como f\u00edsicamente. No s\u00f3lo necesitan traer \u00fatiles (plumas, l\u00e1pices, papel, etc.), pero tambi\u00e9n necesitan llegar con una actitud positiva y estar preparados para aprender. Los maestros saben que los alumnos son exitosos y al creer en ellos, los ni\u00f1os tienen mayores logros y vencen las dificultades de aprendizaje.<\/p>\n<p>Los estudiantes de Greenfield deben saber que tienen una fuerte red de apoyo que les alienta a obtener los mayores logros. Con el personal, los padres y la comunidad, siempre hay ayuda disponible a la mano. Los estudiantes jam\u00e1s deben dudar en pedir ayuda para entender un nuevo concepto o para resolver un problema complejo. Los estudiantes de Greenfield son lo m\u00e1s importante de la escuela. Ellos son el futuro que hace de Greenfield el lugar maravilloso que todos conocemos.<\/p>\n<p>Los estudiantes en Greenfield tienen la responsabilidad adicional de usar recursos seguros en l\u00ednea para una mejor educaci\u00f3n. Los sitios Web educativos indicados abajo ayudan a los estudiantes a mejorar sus habilidades acad\u00e9micas y a familiarizarse con la tecnolog\u00eda. Los estudiantes pueden usar las computadoras de Greenfield para explorar estos sitios o descubrirlos en casa con sus familiares.<\/p>\n<p><a href=\"https:\/\/sites.google.com\/milwaukee.k12.wi.us\/greenfieldbilingualschoollmc\/inicio\"><img loading=\"lazy\" decoding=\"async\" class=\"alignleft size-full wp-image-1365\" src=\"https:\/\/mpsschoolwebsi.wpenginepowered.com\/greenfield\/wp-content\/uploads\/sites\/27\/2013\/04\/Recursos-de-aprendizaje-en-liI_nea.gif\" alt=\"\" width=\"728\" height=\"90\" \/><\/a><\/p>\n<ul>\n<li>Usando el sitio Web de\u00a0<a href=\"http:\/\/thinklinklearning.com\/\">Think Link<\/a>, los estudiantes pueden llenar en l\u00ednea evaluaciones asignadas por sus maestros.<\/li>\n<li>El sitio de\u00a0<a href=\"https:\/\/hosted206.renlearn.com\/150047\/\">Lectura Acelerada<\/a>\u00a0de Greenfield es un soporte del aprendizaje y alienta la pr\u00e1ctica en l\u00ednea.<\/li>\n<\/ul>\n<h2>Todas las materias<\/h2>\n<ul>\n<li><a href=\"http:\/\/www.eduplace.com\/\">Houghton Mifflin\u2019s Education Place<\/a>\u00a0permite a los estudiantes participar en divertidos juegos basados sobre el material que usan en clase.<\/li>\n<li>En\u00a0<a href=\"http:\/\/www.factmonster.com\/\">Fact Monster<\/a>, los estudiantes pueden encontrar respuestas a todas las preguntas que puedan tener.\u00a0<a href=\"http:\/\/www.factmonster.com\/\">Fact Monster<\/a>\u00a0ofrece un almanaque, diccionario y enciclopedia en l\u00ednea. Tambi\u00e9n tiene informaci\u00f3n que ayudar\u00e1 a que los estudiantes completen exitosamente sus deberes.<\/li>\n<li><a href=\"http:\/\/www.noggin.com\/\">NOGGIN<\/a>, un sitio Web de Nick Jr. est\u00e1 patrocinado por Nickelodeon.\u00a0<a href=\"http:\/\/www.noggin.com\/\">NOGGIN<\/a>\u00a0est\u00e1 dise\u00f1ado para los m\u00e1s peque\u00f1os de Greenfield y ofrece juegos educativos, videos, una programaci\u00f3n de televisi\u00f3n y material impreso. Tambi\u00e9n tiene una p\u00e1gina espec\u00edficamente dise\u00f1ada para padres.<a href=\"http:\/\/www.noggin.com\/\"> NOGGIN<\/a>\u00a0usa una t\u00e9cnica de aprendizaje en la que el contenido educativo se enlaza con las experiencias que los ni\u00f1os conocen y quieren.<\/li>\n<li>En\u00a0<a href=\"http:\/\/www.brainpop.com\/\">BrainPOP<\/a>, los estudiantes pueden explorar un sitio animado educativo, descubriendo nuevos temas y hechos interesantes.<\/li>\n<li>El sitio\u00a0<a href=\"http:\/\/www.kaboose.com\/\">Kaboose Family Network<\/a>\u00a0ofrece a la familia ideas sobre c\u00f3mo pasar el tiempo juntos y celebrar las fiestas.<\/li>\n<li>En\u00a0<a href=\"http:\/\/www.funbrain.com\/\">Funbrain<\/a>, los estudiantes pueden jugar diversos juegos educativos.<\/li>\n<li><a href=\"http:\/\/www.softschools.com\/\">Soft Schools<\/a>\u00a0presenta talleres, juegos y actividades para reforzar los temas aprendidos durante el d\u00eda de clases.<\/li>\n<li><a href=\"http:\/\/www.kidsturncentral.com\/\">En Kids Turn Central<\/a>, los estudiantes pueden re\u00edr, aprender y jugar en l\u00ednea.<\/li>\n<li><a href=\"http:\/\/www.learn4good.com\/games\/index.htm\">Learn 4 Good<\/a>\u00a0ofrece una variedad de juegos gratuitos en l\u00ednea que los estudiantes pueden jugar. Los juegos educativos complementan la educaci\u00f3n.<\/li>\n<li><a href=\"http:\/\/www.pbskids.org\/\">PBS Kids Online\u00a0<\/a>permite a los ni\u00f1os interaccionar con sus personajes favoritos de la televisi\u00f3n. Tambi\u00e9n ofrece una variedad de p\u00e1ginas en las que los ni\u00f1os pueden aprender y explorar. Visite el sitio\u00a0<a href=\"http:\/\/www.pbskids.org\/\">http:\/\/www.pbskids.org<\/a>\u00a0para obtener m\u00e1s informaci\u00f3n.<\/li>\n<li>Se anima a los estudiantes de Greenfield a visitar cualquiera de las sedes de la\u00a0<a href=\"http:\/\/www.mpl.org\/\">biblioteca p\u00fablica de Milwaukee<\/a>\u00a0y aprovechar de los recursos disponibles. Es posible visitar la biblioteca en l\u00ednea en el sitio <a href=\"http:\/\/www.mpl.org\/\">http:\/\/www.mpl.org<\/a>.<\/li>\n<li>El distrito MPS tambi\u00e9n\u00a0ofrece varias fuentes en l\u00ednea a trav\u00e9s de la biblioteca virtual, la cual puede encontrar\u00a0<a href=\"http:\/\/mpsportal.milwaukee.k12.wi.us\/portal\/server.pt?open=512&amp;objID=311&amp;&amp;PageID=38264&amp;mode=2&amp;in_hi_userid=2&amp;cached=true\">aqu\u00ed<\/a>.<\/li>\n<\/ul>\n<h2>Lectura<\/h2>\n<ul>\n<li>El sitio Web de Scholastic,\u00a0<a href=\"http:\/\/www.scholastic.com\/\">The Stacks<\/a>, ofrece juegos educativos y actividades para los estudiantes.<\/li>\n<li>Creando una cuenta con\u00a0<a href=\"http:\/\/www.raz-kids.com\/main\/ViewPage\/name\/students\">Raz Kids<\/a>, los estudiantes pueden leer y escuchar historias, tomar pruebas y aprender m\u00e1s sobre los personajes.<\/li>\n<li>En\u00a0<a href=\"http:\/\/www.starfall.com\/\">Starfall<\/a>, los estudiantes pueden leer estrategias de comprensi\u00f3n y aumentar sus habilidades fon\u00e9ticas.\u00a0<a href=\"http:\/\/www.starfall.com\/\">Starfall<\/a> anima a\u00a0los ni\u00f1os a leer por placer y les ofrece una variedad de recursos en l\u00ednea.<\/li>\n<\/ul>\n<h2>Lenguaje\/escritura<\/h2>\n<ul>\n<li><a href=\"http:\/\/www.carolhurst.com\/\">El sitio de literatura infantil Carol Hurst<\/a>\u00a0ofrece una variedad de cr\u00edticas de libros infantiles, ideas sobre c\u00f3mo usar estos libros en la clase y una colecci\u00f3n de libros y actividades relacionadas con materias espec\u00edficas, \u00e1reas del curr\u00edculo y temas profesionales.<\/li>\n<li>Se necesita del permiso de los padres para entrar al sitio<a href=\"http:\/\/www.ks-connection.org\/\"> Kids\u2019 Space Connection<\/a>.\u00a0<a href=\"http:\/\/www.ks-connection.org\/\">Kids\u2019 Space Connection<\/a>\u00a0es un lugar de encuentro para ni\u00f1os y maestros de clase. Los estudiantes pueden comunicarse con personas en todo el mundo. Tambi\u00e9n pueden contribuir en proyectos interesantes y unirse a diversos clubes.<\/li>\n<li><a href=\"http:\/\/www.wordcentral.com\/\">Word Central<\/a>\u00a0presenta\u00a0un diccionario en l\u00ednea y juegos que ayudan a los ni\u00f1os a familiarizarse con nuevas palabras.<\/li>\n<\/ul>\n<h2>Matem\u00e1ticas<\/h2>\n<ul>\n<li>En\u00a0<a href=\"http:\/\/www.coolmath4kids.com\/\">Cool Math 4 Kids<\/a>, los estudiantes pueden practicar sus habilidades matem\u00e1ticas a trav\u00e9s de clases interactivas, juegos y temas.<\/li>\n<li>En\u00a0<a href=\"http:\/\/www.mathplayground.com\/\">Math Playground<\/a>, los estudiantes experimentan con n\u00fameros y se familiarizan con conceptos matem\u00e1ticos a trav\u00e9s de juegos y otras actividades divertidas.<\/li>\n<\/ul>\n<h2>Ciencias<\/h2>\n<ul>\n<li><a href=\"http:\/\/www.solarviews.com\/\">La vista del Sistema Solar<\/a>\u00a0presenta una v\u00edvida aventura multimedia, mostrando el esplendor del Sol, los planetas, lunas, cometas, asteroides y m\u00e1s. En este sitio Web, los estudiantes pueden descubrir la informaci\u00f3n cient\u00edfica m\u00e1s reciente o estudiar la historia de la exploraci\u00f3n del espacio, cohetes, primeros astronautas y misiones espaciales a trav\u00e9s de un archivo fotogr\u00e1fico, hechos cient\u00edficos, textos, gr\u00e1ficos y videos. Este sitio ofrece una mayor exploraci\u00f3n y disfrute educativo del sistema solar y m\u00e1s all\u00e1.<\/li>\n<li>En\u00a0<a href=\"http:\/\/www.kids.nationalgeographic.com\/\">National Geographic Kids<\/a>, los ni\u00f1os pueden leer historias sobre animales y ver toda clase de fotograf\u00edas. Tambi\u00e9n tienen acceso a juegos educativos y videos, as\u00ed como a una variedad de actividades. Este sitio Web est\u00e1 lleno de hechos interesantes y \u00fanicos.<\/li>\n<\/ul>\n<h2>Estudios sociales<\/h2>\n<ul>\n<li>En\u00a0<a href=\"http:\/\/www.timeforkids.com\/\">Time for Kids<\/a>, los estudiantes pueden estar al d\u00eda con eventos actualizados y explorar una revista creada s\u00f3lo para ellos.<\/li>\n<li><a href=\"http:\/\/www.biography.com\/\">Biography.com<\/a>\u00a0es un sitio lleno de informaci\u00f3n sobre personas famosas a trav\u00e9s de la historia: pol\u00edticos, atletas, presentadores, artistas, etc. Los estudiantes pueden buscar informaci\u00f3n m\u00e1s detallada y fotograf\u00edas para proyectos escolares.<\/li>\n<\/ul>\n<h2>Arte<\/h2>\n<ul>\n<li>El sitio\u00a0<a href=\"http:\/\/www.artjunction.org\/\">Art Junction<\/a>\u00a0est\u00e1 dise\u00f1ado para ofrecer un entorno seguro y estructurado en el que los maestros y estudiantes pueden cumplir sus objetivos educativos y art\u00edsticos.<\/li>\n<li><a href=\"http:\/\/www.eduweb.com\/pintura\/\">A. Pintura, Detective de Arte<\/a>\u00a0ense\u00f1a a los estudiantes sobre los diferentes\u00a0tipos de arte y perspectivas mientras resuelven un crimen.<\/li>\n<\/ul>\n<h2>M\u00fasica<\/h2>\n<ul>\n<li>En\u00a0<a href=\"http:\/\/www.jazzkids.com\/students.php\">Jazz Kids<\/a>, los ni\u00f1os aprenden a tocar m\u00fasica a trav\u00e9s de ejercicios de improvisaci\u00f3n.<\/li>\n<li>En el sitio\u00a0<a href=\"http:\/\/www.creatingmusic.com\/\">Creating Music<\/a>, los estudiantes componen su propia m\u00fasica, participan en presentaciones\u00a0en l\u00ednea y juegan juegos para complementar su educaci\u00f3n musical.<\/li>\n<\/ul>\n<h2>Salud<\/h2>\n<ul>\n<li><a href=\"http:\/\/www.kidshealth.org\/kid\/\">Kids\u2019 Health<\/a>\u00a0ofrece consejos a los ni\u00f1os sobre c\u00f3mo mantenerse saludables durante el crecimiento.<\/li>\n<\/ul>\n<h2>Educaci\u00f3n f\u00edsica<\/h2>\n<ul>\n<li>El sitio\u00a0<a href=\"http:\/\/www.pecentral.org\/websites\/kidsites.html\">PE Central<\/a>\u00a0ofrece sugerencias de actividades saludables que los ni\u00f1os pueden seguir para mantenerse en forma. Se ofrece clases as\u00ed como enlaces a otros recursos que promueven la forma f\u00edsica.<\/li>\n<li>En\u00a0<a href=\"http:\/\/www.kidnetic.com\/\">Kidnetic<\/a>, se reta a los estudiantes a realizar actividades f\u00edsicas que pueden registrarse en l\u00ednea.<\/li>\n<\/ul>\n<h2>Tecnolog\u00eda<\/h2>\n<ul>\n<li>En\u00a0<a href=\"http:\/\/www.bbc.co.uk\/schools\/typing\/\">Dance Mat Typing<\/a>, los estudiantes mejoran sus habilidades de teclado con la ayuda de nuevos personajes que les guiar\u00e1n a trav\u00e9s de una serie de niveles de tecleo, desde principiante hasta avanzado.<\/li>\n<li>En\u00a0<a href=\"http:\/\/www.safekids.com\/\">Safekids<\/a>, se gu\u00eda a la familia sobre c\u00f3mo hacer del Internet y tecnolog\u00eda herramientas seguras, divertidas y productivas. A trav\u00e9s de consejos y herramientas en seguridad de Internet, Safekids.com protege a los ni\u00f1os de los peligros de la red.<\/li>\n<\/ul>\n<h2>Investigaci\u00f3n<\/h2>\n<ul>\n<li><a href=\"http:\/\/www.google.com\/\">Google<\/a><\/li>\n<li><a href=\"http:\/\/www.askjeeves.com\/\">Ask Jeeves<\/a><\/li>\n<li><a href=\"http:\/\/www.worldbookonline.com\/\">World Book<\/a><\/li>\n<li><a href=\"http:\/\/www.cnn.com\/\">CNN<\/a><\/li>\n<li><a href=\"http:\/\/www.nettrekker.com\/\">Nettrekker<\/a><\/li>\n<li><a href=\"http:\/\/www.cia.gov\/\">Central Intelligence Agency<\/a><\/li>\n<li><a href=\"http:\/\/www.badgerlink.net\/\">Badgerlink<\/a><\/li>\n<\/ul>\n","protected":false},"excerpt":{"rendered":"<p>Se espera que los estudiantes de la escuela primaria Greenfield desarrollen sus habilidades acad\u00e9micas y alcancen su m\u00e1ximo potencial. El personal de la escuela cultiva un sentido de responsabilidad en todos los estudiantes, estableciendo est\u00e1ndares elevados pero posibles de alcanzar. Colaborando con el director, los miembros del personal, los padres y los compa\u00f1eros, los alumnos [&hellip;]<\/p>\n","protected":false},"author":2,"featured_media":0,"parent":184,"menu_order":5,"comment_status":"open","ping_status":"closed","template":"","meta":{"_genesis_hide_title":false,"_genesis_hide_breadcrumbs":false,"_genesis_hide_singular_image":false,"_genesis_hide_footer_widgets":false,"_genesis_custom_body_class":"","_genesis_custom_post_class":"","_genesis_layout":"","_mc_calendar":[],"footnotes":""},"class_list":{"0":"post-200","1":"page","2":"type-page","3":"status-publish","5":"entry"},"_links":{"self":[{"href":"https:\/\/k12.mps.school\/greenfield\/wp-json\/wp\/v2\/pages\/200","targetHints":{"allow":["GET"]}}],"collection":[{"href":"https:\/\/k12.mps.school\/greenfield\/wp-json\/wp\/v2\/pages"}],"about":[{"href":"https:\/\/k12.mps.school\/greenfield\/wp-json\/wp\/v2\/types\/page"}],"author":[{"embeddable":true,"href":"https:\/\/k12.mps.school\/greenfield\/wp-json\/wp\/v2\/users\/2"}],"replies":[{"embeddable":true,"href":"https:\/\/k12.mps.school\/greenfield\/wp-json\/wp\/v2\/comments?post=200"}],"version-history":[{"count":0,"href":"https:\/\/k12.mps.school\/greenfield\/wp-json\/wp\/v2\/pages\/200\/revisions"}],"up":[{"embeddable":true,"href":"https:\/\/k12.mps.school\/greenfield\/wp-json\/wp\/v2\/pages\/184"}],"wp:attachment":[{"href":"https:\/\/k12.mps.school\/greenfield\/wp-json\/wp\/v2\/media?parent=200"}],"curies":[{"name":"wp","href":"https:\/\/api.w.org\/{rel}","templated":true}]}}