{"id":196,"date":"2013-04-29T14:09:04","date_gmt":"2013-04-29T14:09:04","guid":{"rendered":"http:\/\/www5.milwaukee.k12.wi.us\/school\/greenfield\/?page_id=196"},"modified":"2023-03-08T16:27:43","modified_gmt":"2023-03-08T16:27:43","slug":"extracurriculares","status":"publish","type":"page","link":"https:\/\/k12.mps.school\/greenfield\/espanol\/extracurriculares\/","title":{"rendered":"Extracurriculares"},"content":{"rendered":"<p>En la escuela Greenfield, se alienta a los estudiantes a desarrollar sus talentos y a seguir sus intereses a trav\u00e9s de actividades extracurriculares. Con una variedad de oportunidades, los estudiantes que participen en estas actividades tendr\u00e1n beneficios sociales, emocionales, acad\u00e9micos y f\u00edsicos. Las actividades extracurriculares impartir\u00e1n un sentido de trabajo en grupo y responsabilidad en los estudiantes, lo cual les ayudar\u00e1 a desarrollar un fuerte car\u00e1cter y actitudes positivas.<\/p>\n<p>Las actividades deportivas alientan a los estudiantes a permanecer en buena forma f\u00edsica. No s\u00f3lo aprender\u00e1n buena \u00e9tica deportiva, sino que aprender\u00e1n las reglas de diferentes deportes. Los estudiantes podr\u00e1n desarrollar sus habilidades a trav\u00e9s de la pr\u00e1ctica y estableciendo retos para lograr nuevos objetivos f\u00edsicos. Las actividades adicionales ayudan a los estudiantes a desarrollar sus habilidades en las artes creativas. Sin importar en qu\u00e9 actividades decidan participar los estudiantes, se convertir\u00e1n en estudiantes equilibrados capaces de triunfar no s\u00f3lo acad\u00e9micamente sino tambi\u00e9n en otras \u00e1reas.<\/p>\n<p>Las actividades deportivas y extracurriculares de Greenfield incluyen:<\/p>\n<ul>\n<li>F\u00fatbol soccer<\/li>\n<li>Baloncesto<\/li>\n<li>Voleibol<\/li>\n<li>Softball<\/li>\n<li>Animadoras<\/li>\n<li>Baile<\/li>\n<li>Danza africana<\/li>\n<li>Zumba<\/li>\n<li>Acondicionamiento f\u00edsico<\/li>\n<li>Club de caminatas<\/li>\n<li>Espa\u00f1ol para anglohablantes<\/li>\n<li>Clases de viol\u00edn<\/li>\n<\/ul>\n","protected":false},"excerpt":{"rendered":"<p>En la escuela Greenfield, se alienta a los estudiantes a desarrollar sus talentos y a seguir sus intereses a trav\u00e9s de actividades extracurriculares. Con una variedad de oportunidades, los estudiantes que participen en estas actividades tendr\u00e1n beneficios sociales, emocionales, acad\u00e9micos y f\u00edsicos. Las actividades extracurriculares impartir\u00e1n un sentido de trabajo en grupo y responsabilidad en [&hellip;]<\/p>\n","protected":false},"author":2,"featured_media":0,"parent":184,"menu_order":4,"comment_status":"open","ping_status":"closed","template":"","meta":{"_genesis_hide_title":false,"_genesis_hide_breadcrumbs":false,"_genesis_hide_singular_image":false,"_genesis_hide_footer_widgets":false,"_genesis_custom_body_class":"","_genesis_custom_post_class":"","_genesis_layout":"","_mc_calendar":[],"footnotes":""},"class_list":{"0":"post-196","1":"page","2":"type-page","3":"status-publish","5":"entry"},"_links":{"self":[{"href":"https:\/\/k12.mps.school\/greenfield\/wp-json\/wp\/v2\/pages\/196","targetHints":{"allow":["GET"]}}],"collection":[{"href":"https:\/\/k12.mps.school\/greenfield\/wp-json\/wp\/v2\/pages"}],"about":[{"href":"https:\/\/k12.mps.school\/greenfield\/wp-json\/wp\/v2\/types\/page"}],"author":[{"embeddable":true,"href":"https:\/\/k12.mps.school\/greenfield\/wp-json\/wp\/v2\/users\/2"}],"replies":[{"embeddable":true,"href":"https:\/\/k12.mps.school\/greenfield\/wp-json\/wp\/v2\/comments?post=196"}],"version-history":[{"count":0,"href":"https:\/\/k12.mps.school\/greenfield\/wp-json\/wp\/v2\/pages\/196\/revisions"}],"up":[{"embeddable":true,"href":"https:\/\/k12.mps.school\/greenfield\/wp-json\/wp\/v2\/pages\/184"}],"wp:attachment":[{"href":"https:\/\/k12.mps.school\/greenfield\/wp-json\/wp\/v2\/media?parent=196"}],"curies":[{"name":"wp","href":"https:\/\/api.w.org\/{rel}","templated":true}]}}