{"id":193,"date":"2013-04-29T14:08:27","date_gmt":"2013-04-29T14:08:27","guid":{"rendered":"http:\/\/www5.milwaukee.k12.wi.us\/school\/greenfield\/?page_id=193"},"modified":"2023-03-08T16:27:21","modified_gmt":"2023-03-08T16:27:21","slug":"programa-academico","status":"publish","type":"page","link":"https:\/\/k12.mps.school\/greenfield\/espanol\/programa-academico\/","title":{"rendered":"Programa acad\u00e9mico"},"content":{"rendered":"<p>La iniciativa de los Est\u00e1ndares estatales de tronco com\u00fan es un esfuerzo estatal coordinado por el Centro de la Asociaci\u00f3n Nacional de Gobernadores para las mejores pr\u00e1cticas (agencia no gubernamental) y el Consejo de Funcionarios de las Principales Escuelas del Estado (CCSSO). Los est\u00e1ndares fueron desarrollados conjuntamente con maestros, administradores escolares y expertos para proporcionar un marco claro y consistente para preparar a nuestros hijos para la universidad y el mundo laboral.<\/p>\n<div>\n<div>\n<p>Los est\u00e1ndares se componen de los modelos m\u00e1s elevados y eficaces de estados de todo el pa\u00eds y pa\u00edses de todo el mundo, y ofrecen a los maestros y padres un concepto com\u00fan de lo que se espera que aprendan los estudiantes. Los est\u00e1ndares consistentes ofrecer\u00e1n los puntos de referencia para todos los estudiantes, sin importar d\u00f3nde vivan.<\/p>\n<p>Estos est\u00e1ndares definen el conocimiento y destrezas que los ni\u00f1os deben tener en su educaci\u00f3n de Kinder a 12vo grado para que se grad\u00faen de la escuela superior capaces de triunfar en cursos principiantes y por cr\u00e9ditos en la universidad, y en programas de capacitaci\u00f3n laboral. Estos est\u00e1ndares:<\/p>\n<p>\u2022 Est\u00e1n alineados con las expectativas de la universidad y trabajo;<br \/>\n\u2022 Son claros, comprensibles y consistentes;<br \/>\n\u2022 Incluyen riguroso contenido y la aplicaci\u00f3n de conocimientos a trav\u00e9s de destrezas de mayor orden;<br \/>\n\u2022 Se forman sobre los puntos fuertes y lecciones de los est\u00e1ndares estatales actuales;<br \/>\n\u2022 Son informados por otros pa\u00edses de alto rendimiento, para que los estudiantes est\u00e9n listos para triunfar en nuestra econom\u00eda global y sociedad, y<br \/>\n\u2022 Se basan en la evidencia.<\/p>\n<\/div>\n<\/div>\n","protected":false},"excerpt":{"rendered":"<p>La iniciativa de los Est\u00e1ndares estatales de tronco com\u00fan es un esfuerzo estatal coordinado por el Centro de la Asociaci\u00f3n Nacional de Gobernadores para las mejores pr\u00e1cticas (agencia no gubernamental) y el Consejo de Funcionarios de las Principales Escuelas del Estado (CCSSO). Los est\u00e1ndares fueron desarrollados conjuntamente con maestros, administradores escolares y expertos para proporcionar [&hellip;]<\/p>\n","protected":false},"author":2,"featured_media":0,"parent":184,"menu_order":1,"comment_status":"open","ping_status":"closed","template":"","meta":{"_genesis_hide_title":false,"_genesis_hide_breadcrumbs":false,"_genesis_hide_singular_image":false,"_genesis_hide_footer_widgets":false,"_genesis_custom_body_class":"","_genesis_custom_post_class":"","_genesis_layout":"","_mc_calendar":[],"footnotes":""},"class_list":{"0":"post-193","1":"page","2":"type-page","3":"status-publish","5":"entry"},"_links":{"self":[{"href":"https:\/\/k12.mps.school\/greenfield\/wp-json\/wp\/v2\/pages\/193","targetHints":{"allow":["GET"]}}],"collection":[{"href":"https:\/\/k12.mps.school\/greenfield\/wp-json\/wp\/v2\/pages"}],"about":[{"href":"https:\/\/k12.mps.school\/greenfield\/wp-json\/wp\/v2\/types\/page"}],"author":[{"embeddable":true,"href":"https:\/\/k12.mps.school\/greenfield\/wp-json\/wp\/v2\/users\/2"}],"replies":[{"embeddable":true,"href":"https:\/\/k12.mps.school\/greenfield\/wp-json\/wp\/v2\/comments?post=193"}],"version-history":[{"count":0,"href":"https:\/\/k12.mps.school\/greenfield\/wp-json\/wp\/v2\/pages\/193\/revisions"}],"up":[{"embeddable":true,"href":"https:\/\/k12.mps.school\/greenfield\/wp-json\/wp\/v2\/pages\/184"}],"wp:attachment":[{"href":"https:\/\/k12.mps.school\/greenfield\/wp-json\/wp\/v2\/media?parent=193"}],"curies":[{"name":"wp","href":"https:\/\/api.w.org\/{rel}","templated":true}]}}