{"id":184,"date":"2013-04-29T14:04:18","date_gmt":"2013-04-29T14:04:18","guid":{"rendered":"http:\/\/www5.milwaukee.k12.wi.us\/school\/greenfield\/?page_id=184"},"modified":"2026-01-27T16:00:51","modified_gmt":"2026-01-27T16:00:51","slug":"espanol","status":"publish","type":"page","link":"https:\/\/k12.mps.school\/greenfield\/espanol\/","title":{"rendered":"Bienvenidos"},"content":{"rendered":"<p><em><a href=\"https:\/\/sites.google.com\/milwaukee.k12.wi.us\/greenfieldbilingualschoollmc\/inicio\"><img loading=\"lazy\" decoding=\"async\" class=\"alignleft size-full wp-image-1365\" src=\"https:\/\/mpsschoolwebsi.wpenginepowered.com\/greenfield\/wp-content\/uploads\/sites\/27\/2013\/04\/Recursos-de-aprendizaje-en-liI_nea.gif\" alt=\"Recursos de aprendizaje en linea\" width=\"728\" height=\"90\" \/><\/a>La escuela Greenfield es una escuela urbana multicultural que participa en la Iniciativa de las Escuelas de Vecindario. Nuestra instituci\u00f3n ofrece programas educativos y estrat\u00e9gicos dise\u00f1ados para asegurar que todos los estudiantes alcancen elevados logros acad\u00e9micos. El personal de la escuela crea un entorno educativo c\u00e1lido, seguro y retador que conduce a logros elevados en el aprendizaje. A trav\u00e9s de programas especializados, tales como el programa Biling\u00fce\/ESL, K4 de d\u00eda completo, educaci\u00f3n especial y AGR, la Escuela Greenfield satisface las necesidades individuales de los estudiantes enfoc\u00e1ndose en las habilidades y talento natural. El curr\u00edculo se ve complementado por el uso e integraci\u00f3n de la tecnolog\u00eda en todas las \u00e1reas de contenido, chromebooks para cada estudiante, clases en grupos peque\u00f1os y tutor\u00eda despu\u00e9s de clases. La alianza con los padres, organizaciones de la comunidad y empresa sienta las bases para el \u00e9xito acad\u00e9mico y social de los estudiantes.<\/em><\/p>\n","protected":false},"excerpt":{"rendered":"<p>La escuela Greenfield es una escuela urbana multicultural que participa en la Iniciativa de las Escuelas de Vecindario. Nuestra instituci\u00f3n ofrece programas educativos y estrat\u00e9gicos dise\u00f1ados para asegurar que todos los estudiantes alcancen elevados logros acad\u00e9micos. El personal de la escuela crea un entorno educativo c\u00e1lido, seguro y retador que conduce a logros elevados en [&hellip;]<\/p>\n","protected":false},"author":2,"featured_media":0,"parent":0,"menu_order":7,"comment_status":"open","ping_status":"closed","template":"","meta":{"_genesis_hide_title":false,"_genesis_hide_breadcrumbs":false,"_genesis_hide_singular_image":false,"_genesis_hide_footer_widgets":false,"_genesis_custom_body_class":"","_genesis_custom_post_class":"","_genesis_layout":"","_mc_calendar":[],"footnotes":""},"class_list":{"0":"post-184","1":"page","2":"type-page","3":"status-publish","5":"entry"},"_links":{"self":[{"href":"https:\/\/k12.mps.school\/greenfield\/wp-json\/wp\/v2\/pages\/184","targetHints":{"allow":["GET"]}}],"collection":[{"href":"https:\/\/k12.mps.school\/greenfield\/wp-json\/wp\/v2\/pages"}],"about":[{"href":"https:\/\/k12.mps.school\/greenfield\/wp-json\/wp\/v2\/types\/page"}],"author":[{"embeddable":true,"href":"https:\/\/k12.mps.school\/greenfield\/wp-json\/wp\/v2\/users\/2"}],"replies":[{"embeddable":true,"href":"https:\/\/k12.mps.school\/greenfield\/wp-json\/wp\/v2\/comments?post=184"}],"version-history":[{"count":0,"href":"https:\/\/k12.mps.school\/greenfield\/wp-json\/wp\/v2\/pages\/184\/revisions"}],"wp:attachment":[{"href":"https:\/\/k12.mps.school\/greenfield\/wp-json\/wp\/v2\/media?parent=184"}],"curies":[{"name":"wp","href":"https:\/\/api.w.org\/{rel}","templated":true}]}}